{"id":28026,"date":"2025-01-10T05:32:40","date_gmt":"2025-01-10T05:32:40","guid":{"rendered":"https:\/\/bluewavefish.com\/?post_type=product&#038;p=28026"},"modified":"2025-05-14T12:21:49","modified_gmt":"2025-05-14T17:21:49","slug":"yellowfin-tuna","status":"publish","type":"product","link":"https:\/\/bluewavefish.com\/es\/producto\/yellowfin-tuna\/","title":{"rendered":"Atun Aleta Amarilla"},"content":{"rendered":"<p>&nbsp;<\/p>\n<p>&nbsp;<\/p>","protected":false},"excerpt":{"rendered":"<p>Din\u00e1mica y vibrante, esta decoraci\u00f3n de pared de at\u00fan aleta amarilla representa la fuerza y la belleza del oc\u00e9ano abierto. Perfecta para colgar, su elaboraci\u00f3n detallada y colores audaces la convierten en una adici\u00f3n excepcional para cualquier espacio con tem\u00e1tica costera o marina.<\/p>","protected":false},"featured_media":28027,"comment_status":"open","ping_status":"closed","template":"","meta":[],"product_brand":[],"product_cat":[20],"product_tag":[],"class_list":{"0":"post-28026","1":"product","2":"type-product","3":"status-publish","4":"has-post-thumbnail","6":"product_cat-saltwater-fish-mounts","8":"first","9":"instock","10":"shipping-taxable","11":"product-type-simple"},"yoast_head":"<!-- This site is optimized with the Yoast SEO plugin v27.3 - https:\/\/yoast.com\/product\/yoast-seo-wordpress\/ -->\n<title>Yellowfin Tuna - bluewavefish.com<\/title>\n<meta name=\"description\" content=\"Yellowfin Tuna, Dynamic and vibrant, this yellowfin tuna wall decor represents the strength and beauty of the open ocean. Perfect for hanging, its detailed.\" \/>\n<meta name=\"robots\" content=\"index, follow, max-snippet:-1, max-image-preview:large, max-video-preview:-1\" \/>\n<link rel=\"canonical\" href=\"https:\/\/bluewavefish.com\/es\/producto\/yellowfin-tuna\/\" \/>\n<meta property=\"og:locale\" content=\"es_ES\" \/>\n<meta property=\"og:type\" content=\"article\" \/>\n<meta property=\"og:title\" content=\"Yellowfin Tuna - bluewavefish.com\" \/>\n<meta property=\"og:description\" content=\"Yellowfin Tuna, Dynamic and vibrant, this yellowfin tuna wall decor represents the strength and beauty of the open ocean. Perfect for hanging, its detailed.\" \/>\n<meta property=\"og:url\" content=\"https:\/\/bluewavefish.com\/es\/producto\/yellowfin-tuna\/\" \/>\n<meta property=\"og:site_name\" content=\"bluewavefish.com\" \/>\n<meta property=\"article:modified_time\" content=\"2025-05-14T17:21:49+00:00\" \/>\n<meta property=\"og:image\" content=\"https:\/\/bluewavefish.com\/wp-content\/uploads\/2025\/01\/Diseno-sin-titulo-56.png\" \/>\n\t<meta property=\"og:image:width\" content=\"700\" \/>\n\t<meta property=\"og:image:height\" content=\"800\" \/>\n\t<meta property=\"og:image:type\" content=\"image\/png\" \/>\n<meta name=\"twitter:card\" content=\"summary_large_image\" \/>\n<meta name=\"twitter:label1\" content=\"Tiempo de lectura\" \/>\n\t<meta name=\"twitter:data1\" content=\"1 minuto\" \/>\n<script type=\"application\/ld+json\" class=\"yoast-schema-graph\">{\"@context\":\"https:\\\/\\\/schema.org\",\"@graph\":[{\"@type\":\"WebPage\",\"@id\":\"https:\\\/\\\/bluewavefish.com\\\/product\\\/yellowfin-tuna\\\/\",\"url\":\"https:\\\/\\\/bluewavefish.com\\\/product\\\/yellowfin-tuna\\\/\",\"name\":\"Yellowfin Tuna - bluewavefish.com\",\"isPartOf\":{\"@id\":\"https:\\\/\\\/bluewavefish.com\\\/#website\"},\"primaryImageOfPage\":{\"@id\":\"https:\\\/\\\/bluewavefish.com\\\/product\\\/yellowfin-tuna\\\/#primaryimage\"},\"image\":{\"@id\":\"https:\\\/\\\/bluewavefish.com\\\/product\\\/yellowfin-tuna\\\/#primaryimage\"},\"thumbnailUrl\":\"https:\\\/\\\/bluewavefish.com\\\/wp-content\\\/uploads\\\/2025\\\/01\\\/Diseno-sin-titulo-56.png\",\"datePublished\":\"2025-01-10T05:32:40+00:00\",\"dateModified\":\"2025-05-14T17:21:49+00:00\",\"description\":\"Yellowfin Tuna, Dynamic and vibrant, this yellowfin tuna wall decor represents the strength and beauty of the open ocean. Perfect for hanging, its detailed.\",\"breadcrumb\":{\"@id\":\"https:\\\/\\\/bluewavefish.com\\\/product\\\/yellowfin-tuna\\\/#breadcrumb\"},\"inLanguage\":\"es-CO\",\"potentialAction\":[{\"@type\":\"ReadAction\",\"target\":[\"https:\\\/\\\/bluewavefish.com\\\/product\\\/yellowfin-tuna\\\/\"]}]},{\"@type\":\"ImageObject\",\"inLanguage\":\"es-CO\",\"@id\":\"https:\\\/\\\/bluewavefish.com\\\/product\\\/yellowfin-tuna\\\/#primaryimage\",\"url\":\"https:\\\/\\\/bluewavefish.com\\\/wp-content\\\/uploads\\\/2025\\\/01\\\/Diseno-sin-titulo-56.png\",\"contentUrl\":\"https:\\\/\\\/bluewavefish.com\\\/wp-content\\\/uploads\\\/2025\\\/01\\\/Diseno-sin-titulo-56.png\",\"width\":700,\"height\":800},{\"@type\":\"BreadcrumbList\",\"@id\":\"https:\\\/\\\/bluewavefish.com\\\/product\\\/yellowfin-tuna\\\/#breadcrumb\",\"itemListElement\":[{\"@type\":\"ListItem\",\"position\":1,\"name\":\"Portada\",\"item\":\"https:\\\/\\\/bluewavefish.com\\\/\"},{\"@type\":\"ListItem\",\"position\":2,\"name\":\"Shop\",\"item\":\"https:\\\/\\\/bluewavefish.com\\\/shop\\\/\"},{\"@type\":\"ListItem\",\"position\":3,\"name\":\"Yellowfin Tuna\"}]},{\"@type\":\"WebSite\",\"@id\":\"https:\\\/\\\/bluewavefish.com\\\/#website\",\"url\":\"https:\\\/\\\/bluewavefish.com\\\/\",\"name\":\"bluewavefish.com\",\"description\":\"Unique decorative fish and trophies for hanging and display\",\"potentialAction\":[{\"@type\":\"SearchAction\",\"target\":{\"@type\":\"EntryPoint\",\"urlTemplate\":\"https:\\\/\\\/bluewavefish.com\\\/?s={search_term_string}\"},\"query-input\":{\"@type\":\"PropertyValueSpecification\",\"valueRequired\":true,\"valueName\":\"search_term_string\"}}],\"inLanguage\":\"es-CO\"}]}<\/script>\n<!-- \/ Yoast SEO plugin. -->","yoast_head_json":{"title":"Yellowfin Tuna - bluewavefish.com","description":"Yellowfin Tuna, Dynamic and vibrant, this yellowfin tuna wall decor represents the strength and beauty of the open ocean. Perfect for hanging, its detailed.","robots":{"index":"index","follow":"follow","max-snippet":"max-snippet:-1","max-image-preview":"max-image-preview:large","max-video-preview":"max-video-preview:-1"},"canonical":"https:\/\/bluewavefish.com\/es\/producto\/yellowfin-tuna\/","og_locale":"es_ES","og_type":"article","og_title":"Yellowfin Tuna - bluewavefish.com","og_description":"Yellowfin Tuna, Dynamic and vibrant, this yellowfin tuna wall decor represents the strength and beauty of the open ocean. Perfect for hanging, its detailed.","og_url":"https:\/\/bluewavefish.com\/es\/producto\/yellowfin-tuna\/","og_site_name":"bluewavefish.com","article_modified_time":"2025-05-14T17:21:49+00:00","og_image":[{"width":700,"height":800,"url":"https:\/\/bluewavefish.com\/wp-content\/uploads\/2025\/01\/Diseno-sin-titulo-56.png","type":"image\/png"}],"twitter_card":"summary_large_image","twitter_misc":{"Tiempo de lectura":"1 minuto"},"schema":{"@context":"https:\/\/schema.org","@graph":[{"@type":"WebPage","@id":"https:\/\/bluewavefish.com\/product\/yellowfin-tuna\/","url":"https:\/\/bluewavefish.com\/product\/yellowfin-tuna\/","name":"Yellowfin Tuna - bluewavefish.com","isPartOf":{"@id":"https:\/\/bluewavefish.com\/#website"},"primaryImageOfPage":{"@id":"https:\/\/bluewavefish.com\/product\/yellowfin-tuna\/#primaryimage"},"image":{"@id":"https:\/\/bluewavefish.com\/product\/yellowfin-tuna\/#primaryimage"},"thumbnailUrl":"https:\/\/bluewavefish.com\/wp-content\/uploads\/2025\/01\/Diseno-sin-titulo-56.png","datePublished":"2025-01-10T05:32:40+00:00","dateModified":"2025-05-14T17:21:49+00:00","description":"Yellowfin Tuna, Dynamic and vibrant, this yellowfin tuna wall decor represents the strength and beauty of the open ocean. Perfect for hanging, its detailed.","breadcrumb":{"@id":"https:\/\/bluewavefish.com\/product\/yellowfin-tuna\/#breadcrumb"},"inLanguage":"es-CO","potentialAction":[{"@type":"ReadAction","target":["https:\/\/bluewavefish.com\/product\/yellowfin-tuna\/"]}]},{"@type":"ImageObject","inLanguage":"es-CO","@id":"https:\/\/bluewavefish.com\/product\/yellowfin-tuna\/#primaryimage","url":"https:\/\/bluewavefish.com\/wp-content\/uploads\/2025\/01\/Diseno-sin-titulo-56.png","contentUrl":"https:\/\/bluewavefish.com\/wp-content\/uploads\/2025\/01\/Diseno-sin-titulo-56.png","width":700,"height":800},{"@type":"BreadcrumbList","@id":"https:\/\/bluewavefish.com\/product\/yellowfin-tuna\/#breadcrumb","itemListElement":[{"@type":"ListItem","position":1,"name":"Portada","item":"https:\/\/bluewavefish.com\/"},{"@type":"ListItem","position":2,"name":"Shop","item":"https:\/\/bluewavefish.com\/shop\/"},{"@type":"ListItem","position":3,"name":"Yellowfin Tuna"}]},{"@type":"WebSite","@id":"https:\/\/bluewavefish.com\/#website","url":"https:\/\/bluewavefish.com\/","name":"bluewavefish.com","description":"Unique decorative fish and trophies for hanging and display","potentialAction":[{"@type":"SearchAction","target":{"@type":"EntryPoint","urlTemplate":"https:\/\/bluewavefish.com\/?s={search_term_string}"},"query-input":{"@type":"PropertyValueSpecification","valueRequired":true,"valueName":"search_term_string"}}],"inLanguage":"es-CO"}]}},"_links":{"self":[{"href":"https:\/\/bluewavefish.com\/es\/wp-json\/wp\/v2\/product\/28026","targetHints":{"allow":["GET"]}}],"collection":[{"href":"https:\/\/bluewavefish.com\/es\/wp-json\/wp\/v2\/product"}],"about":[{"href":"https:\/\/bluewavefish.com\/es\/wp-json\/wp\/v2\/types\/product"}],"replies":[{"embeddable":true,"href":"https:\/\/bluewavefish.com\/es\/wp-json\/wp\/v2\/comments?post=28026"}],"version-history":[{"count":5,"href":"https:\/\/bluewavefish.com\/es\/wp-json\/wp\/v2\/product\/28026\/revisions"}],"predecessor-version":[{"id":28655,"href":"https:\/\/bluewavefish.com\/es\/wp-json\/wp\/v2\/product\/28026\/revisions\/28655"}],"wp:featuredmedia":[{"embeddable":true,"href":"https:\/\/bluewavefish.com\/es\/wp-json\/wp\/v2\/media\/28027"}],"wp:attachment":[{"href":"https:\/\/bluewavefish.com\/es\/wp-json\/wp\/v2\/media?parent=28026"}],"wp:term":[{"taxonomy":"product_brand","embeddable":true,"href":"https:\/\/bluewavefish.com\/es\/wp-json\/wp\/v2\/product_brand?post=28026"},{"taxonomy":"product_cat","embeddable":true,"href":"https:\/\/bluewavefish.com\/es\/wp-json\/wp\/v2\/product_cat?post=28026"},{"taxonomy":"product_tag","embeddable":true,"href":"https:\/\/bluewavefish.com\/es\/wp-json\/wp\/v2\/product_tag?post=28026"}],"curies":[{"name":"wp","href":"https:\/\/api.w.org\/{rel}","templated":true}]}}