{"id":395,"date":"2021-08-27T12:11:46","date_gmt":"2021-08-27T12:11:46","guid":{"rendered":"http:\/\/dummy.xtemos.com\/woodmart2\/elementor\/?post_type=product&#038;p=395"},"modified":"2025-05-14T12:31:50","modified_gmt":"2025-05-14T17:31:50","slug":"trash-head-lizard","status":"publish","type":"product","link":"https:\/\/bluewavefish.com\/es\/producto\/trash-head-lizard\/","title":{"rendered":"Cabeza de Basura Lagarto"},"content":{"rendered":"","protected":false},"excerpt":{"rendered":"<p>Creativo y funcional, este basurero con dise\u00f1o de cabeza de lagarto combina un estilo \u00fanico con practicidad. Perfecto para espacios con tem\u00e1tica costera o n\u00e1utica, su dise\u00f1o llamativo a\u00f1ade un toque divertido y original mientras mantiene el \u00e1rea ordenada.<\/p>","protected":false},"featured_media":27950,"comment_status":"open","ping_status":"closed","template":"","meta":[],"product_brand":[],"product_cat":[20],"product_tag":[],"class_list":{"0":"post-395","1":"product","2":"type-product","3":"status-publish","4":"has-post-thumbnail","6":"product_cat-saltwater-fish-mounts","8":"first","9":"instock","10":"shipping-taxable","11":"product-type-simple"},"yoast_head":"<!-- This site is optimized with the Yoast SEO plugin v27.3 - https:\/\/yoast.com\/product\/yoast-seo-wordpress\/ -->\n<title>Trash Head Lizard - bluewavefish.com<\/title>\n<meta name=\"description\" content=\"Trash Head Lizard, Creative and functional, this trash can designed as a lizard head combines unique style with practicality.\" \/>\n<meta name=\"robots\" content=\"index, follow, max-snippet:-1, max-image-preview:large, max-video-preview:-1\" \/>\n<link rel=\"canonical\" href=\"https:\/\/bluewavefish.com\/es\/producto\/trash-head-lizard\/\" \/>\n<meta property=\"og:locale\" content=\"es_ES\" \/>\n<meta property=\"og:type\" content=\"article\" \/>\n<meta property=\"og:title\" content=\"Trash Head Lizard - bluewavefish.com\" \/>\n<meta property=\"og:description\" content=\"Trash Head Lizard, Creative and functional, this trash can designed as a lizard head combines unique style with practicality.\" \/>\n<meta property=\"og:url\" content=\"https:\/\/bluewavefish.com\/es\/producto\/trash-head-lizard\/\" \/>\n<meta property=\"og:site_name\" content=\"bluewavefish.com\" \/>\n<meta property=\"article:modified_time\" content=\"2025-05-14T17:31:50+00:00\" \/>\n<meta property=\"og:image\" content=\"https:\/\/bluewavefish.com\/wp-content\/uploads\/2021\/08\/Diseno-sin-titulo-31.png\" \/>\n\t<meta property=\"og:image:width\" content=\"700\" \/>\n\t<meta property=\"og:image:height\" content=\"800\" \/>\n\t<meta property=\"og:image:type\" content=\"image\/png\" \/>\n<meta name=\"twitter:card\" content=\"summary_large_image\" \/>\n<meta name=\"twitter:label1\" content=\"Tiempo de lectura\" \/>\n\t<meta name=\"twitter:data1\" content=\"1 minuto\" \/>\n<script type=\"application\/ld+json\" class=\"yoast-schema-graph\">{\"@context\":\"https:\\\/\\\/schema.org\",\"@graph\":[{\"@type\":\"WebPage\",\"@id\":\"https:\\\/\\\/bluewavefish.com\\\/product\\\/trash-head-lizard\\\/\",\"url\":\"https:\\\/\\\/bluewavefish.com\\\/product\\\/trash-head-lizard\\\/\",\"name\":\"Trash Head Lizard - bluewavefish.com\",\"isPartOf\":{\"@id\":\"https:\\\/\\\/bluewavefish.com\\\/#website\"},\"primaryImageOfPage\":{\"@id\":\"https:\\\/\\\/bluewavefish.com\\\/product\\\/trash-head-lizard\\\/#primaryimage\"},\"image\":{\"@id\":\"https:\\\/\\\/bluewavefish.com\\\/product\\\/trash-head-lizard\\\/#primaryimage\"},\"thumbnailUrl\":\"https:\\\/\\\/bluewavefish.com\\\/wp-content\\\/uploads\\\/2021\\\/08\\\/Diseno-sin-titulo-31.png\",\"datePublished\":\"2021-08-27T12:11:46+00:00\",\"dateModified\":\"2025-05-14T17:31:50+00:00\",\"description\":\"Trash Head Lizard, Creative and functional, this trash can designed as a lizard head combines unique style with practicality.\",\"breadcrumb\":{\"@id\":\"https:\\\/\\\/bluewavefish.com\\\/product\\\/trash-head-lizard\\\/#breadcrumb\"},\"inLanguage\":\"es-CO\",\"potentialAction\":[{\"@type\":\"ReadAction\",\"target\":[\"https:\\\/\\\/bluewavefish.com\\\/product\\\/trash-head-lizard\\\/\"]}]},{\"@type\":\"ImageObject\",\"inLanguage\":\"es-CO\",\"@id\":\"https:\\\/\\\/bluewavefish.com\\\/product\\\/trash-head-lizard\\\/#primaryimage\",\"url\":\"https:\\\/\\\/bluewavefish.com\\\/wp-content\\\/uploads\\\/2021\\\/08\\\/Diseno-sin-titulo-31.png\",\"contentUrl\":\"https:\\\/\\\/bluewavefish.com\\\/wp-content\\\/uploads\\\/2021\\\/08\\\/Diseno-sin-titulo-31.png\",\"width\":700,\"height\":800},{\"@type\":\"BreadcrumbList\",\"@id\":\"https:\\\/\\\/bluewavefish.com\\\/product\\\/trash-head-lizard\\\/#breadcrumb\",\"itemListElement\":[{\"@type\":\"ListItem\",\"position\":1,\"name\":\"Portada\",\"item\":\"https:\\\/\\\/bluewavefish.com\\\/\"},{\"@type\":\"ListItem\",\"position\":2,\"name\":\"Shop\",\"item\":\"https:\\\/\\\/bluewavefish.com\\\/shop\\\/\"},{\"@type\":\"ListItem\",\"position\":3,\"name\":\"Trash Head Lizard\"}]},{\"@type\":\"WebSite\",\"@id\":\"https:\\\/\\\/bluewavefish.com\\\/#website\",\"url\":\"https:\\\/\\\/bluewavefish.com\\\/\",\"name\":\"bluewavefish.com\",\"description\":\"Unique decorative fish and trophies for hanging and display\",\"potentialAction\":[{\"@type\":\"SearchAction\",\"target\":{\"@type\":\"EntryPoint\",\"urlTemplate\":\"https:\\\/\\\/bluewavefish.com\\\/?s={search_term_string}\"},\"query-input\":{\"@type\":\"PropertyValueSpecification\",\"valueRequired\":true,\"valueName\":\"search_term_string\"}}],\"inLanguage\":\"es-CO\"}]}<\/script>\n<!-- \/ Yoast SEO plugin. -->","yoast_head_json":{"title":"Trash Head Lizard - bluewavefish.com","description":"Trash Head Lizard, Creative and functional, this trash can designed as a lizard head combines unique style with practicality.","robots":{"index":"index","follow":"follow","max-snippet":"max-snippet:-1","max-image-preview":"max-image-preview:large","max-video-preview":"max-video-preview:-1"},"canonical":"https:\/\/bluewavefish.com\/es\/producto\/trash-head-lizard\/","og_locale":"es_ES","og_type":"article","og_title":"Trash Head Lizard - bluewavefish.com","og_description":"Trash Head Lizard, Creative and functional, this trash can designed as a lizard head combines unique style with practicality.","og_url":"https:\/\/bluewavefish.com\/es\/producto\/trash-head-lizard\/","og_site_name":"bluewavefish.com","article_modified_time":"2025-05-14T17:31:50+00:00","og_image":[{"width":700,"height":800,"url":"https:\/\/bluewavefish.com\/wp-content\/uploads\/2021\/08\/Diseno-sin-titulo-31.png","type":"image\/png"}],"twitter_card":"summary_large_image","twitter_misc":{"Tiempo de lectura":"1 minuto"},"schema":{"@context":"https:\/\/schema.org","@graph":[{"@type":"WebPage","@id":"https:\/\/bluewavefish.com\/product\/trash-head-lizard\/","url":"https:\/\/bluewavefish.com\/product\/trash-head-lizard\/","name":"Trash Head Lizard - bluewavefish.com","isPartOf":{"@id":"https:\/\/bluewavefish.com\/#website"},"primaryImageOfPage":{"@id":"https:\/\/bluewavefish.com\/product\/trash-head-lizard\/#primaryimage"},"image":{"@id":"https:\/\/bluewavefish.com\/product\/trash-head-lizard\/#primaryimage"},"thumbnailUrl":"https:\/\/bluewavefish.com\/wp-content\/uploads\/2021\/08\/Diseno-sin-titulo-31.png","datePublished":"2021-08-27T12:11:46+00:00","dateModified":"2025-05-14T17:31:50+00:00","description":"Trash Head Lizard, Creative and functional, this trash can designed as a lizard head combines unique style with practicality.","breadcrumb":{"@id":"https:\/\/bluewavefish.com\/product\/trash-head-lizard\/#breadcrumb"},"inLanguage":"es-CO","potentialAction":[{"@type":"ReadAction","target":["https:\/\/bluewavefish.com\/product\/trash-head-lizard\/"]}]},{"@type":"ImageObject","inLanguage":"es-CO","@id":"https:\/\/bluewavefish.com\/product\/trash-head-lizard\/#primaryimage","url":"https:\/\/bluewavefish.com\/wp-content\/uploads\/2021\/08\/Diseno-sin-titulo-31.png","contentUrl":"https:\/\/bluewavefish.com\/wp-content\/uploads\/2021\/08\/Diseno-sin-titulo-31.png","width":700,"height":800},{"@type":"BreadcrumbList","@id":"https:\/\/bluewavefish.com\/product\/trash-head-lizard\/#breadcrumb","itemListElement":[{"@type":"ListItem","position":1,"name":"Portada","item":"https:\/\/bluewavefish.com\/"},{"@type":"ListItem","position":2,"name":"Shop","item":"https:\/\/bluewavefish.com\/shop\/"},{"@type":"ListItem","position":3,"name":"Trash Head Lizard"}]},{"@type":"WebSite","@id":"https:\/\/bluewavefish.com\/#website","url":"https:\/\/bluewavefish.com\/","name":"bluewavefish.com","description":"Unique decorative fish and trophies for hanging and display","potentialAction":[{"@type":"SearchAction","target":{"@type":"EntryPoint","urlTemplate":"https:\/\/bluewavefish.com\/?s={search_term_string}"},"query-input":{"@type":"PropertyValueSpecification","valueRequired":true,"valueName":"search_term_string"}}],"inLanguage":"es-CO"}]}},"_links":{"self":[{"href":"https:\/\/bluewavefish.com\/es\/wp-json\/wp\/v2\/product\/395","targetHints":{"allow":["GET"]}}],"collection":[{"href":"https:\/\/bluewavefish.com\/es\/wp-json\/wp\/v2\/product"}],"about":[{"href":"https:\/\/bluewavefish.com\/es\/wp-json\/wp\/v2\/types\/product"}],"replies":[{"embeddable":true,"href":"https:\/\/bluewavefish.com\/es\/wp-json\/wp\/v2\/comments?post=395"}],"version-history":[{"count":6,"href":"https:\/\/bluewavefish.com\/es\/wp-json\/wp\/v2\/product\/395\/revisions"}],"predecessor-version":[{"id":28667,"href":"https:\/\/bluewavefish.com\/es\/wp-json\/wp\/v2\/product\/395\/revisions\/28667"}],"wp:featuredmedia":[{"embeddable":true,"href":"https:\/\/bluewavefish.com\/es\/wp-json\/wp\/v2\/media\/27950"}],"wp:attachment":[{"href":"https:\/\/bluewavefish.com\/es\/wp-json\/wp\/v2\/media?parent=395"}],"wp:term":[{"taxonomy":"product_brand","embeddable":true,"href":"https:\/\/bluewavefish.com\/es\/wp-json\/wp\/v2\/product_brand?post=395"},{"taxonomy":"product_cat","embeddable":true,"href":"https:\/\/bluewavefish.com\/es\/wp-json\/wp\/v2\/product_cat?post=395"},{"taxonomy":"product_tag","embeddable":true,"href":"https:\/\/bluewavefish.com\/es\/wp-json\/wp\/v2\/product_tag?post=395"}],"curies":[{"name":"wp","href":"https:\/\/api.w.org\/{rel}","templated":true}]}}