{"id":411,"date":"2021-08-27T12:19:36","date_gmt":"2021-08-27T12:19:36","guid":{"rendered":"http:\/\/dummy.xtemos.com\/woodmart2\/elementor\/?post_type=product&#038;p=411"},"modified":"2025-12-17T12:22:21","modified_gmt":"2025-12-17T17:22:21","slug":"trash-head-goliath-grouper","status":"publish","type":"product","link":"https:\/\/bluewavefish.com\/es\/producto\/trash-head-goliath-grouper\/","title":{"rendered":"Mero Goliat Cabeza de Basura"},"content":{"rendered":"","protected":false},"excerpt":{"rendered":"<p>Imponente y funcional, este basurero con forma de cabeza de mero combina un dise\u00f1o distintivo con practicidad. Perfecto para espacios con tem\u00e1tica costera o n\u00e1utica, su estilo audaz y \u00fanico a\u00f1ade un toque de encanto marino mientras mantiene el \u00e1rea ordenada.<\/p>","protected":false},"featured_media":27947,"comment_status":"open","ping_status":"closed","template":"","meta":[],"product_brand":[],"product_cat":[20],"product_tag":[],"class_list":{"0":"post-411","1":"product","2":"type-product","3":"status-publish","4":"has-post-thumbnail","6":"product_cat-saltwater-fish-mounts","8":"first","9":"instock","10":"shipping-taxable","11":"product-type-simple"},"yoast_head":"<!-- This site is optimized with the Yoast SEO plugin v27.3 - https:\/\/yoast.com\/product\/yoast-seo-wordpress\/ -->\n<title>Trash Head Goliath Grouper - bluewavefish.com<\/title>\n<meta name=\"description\" content=\"Trash Head Goliath Grouper, Imposing and practical, this grouper head trash can combines a distinctive design with functionality.\" \/>\n<meta name=\"robots\" content=\"index, follow, max-snippet:-1, max-image-preview:large, max-video-preview:-1\" \/>\n<link rel=\"canonical\" href=\"https:\/\/bluewavefish.com\/es\/producto\/trash-head-goliath-grouper\/\" \/>\n<meta property=\"og:locale\" content=\"es_ES\" \/>\n<meta property=\"og:type\" content=\"article\" \/>\n<meta property=\"og:title\" content=\"Trash Head Goliath Grouper - bluewavefish.com\" \/>\n<meta property=\"og:description\" content=\"Trash Head Goliath Grouper, Imposing and practical, this grouper head trash can combines a distinctive design with functionality.\" \/>\n<meta property=\"og:url\" content=\"https:\/\/bluewavefish.com\/es\/producto\/trash-head-goliath-grouper\/\" \/>\n<meta property=\"og:site_name\" content=\"bluewavefish.com\" \/>\n<meta property=\"article:modified_time\" content=\"2025-12-17T17:22:21+00:00\" \/>\n<meta property=\"og:image\" content=\"https:\/\/bluewavefish.com\/wp-content\/uploads\/2021\/08\/Diseno-sin-titulo-30.png\" \/>\n\t<meta property=\"og:image:width\" content=\"700\" \/>\n\t<meta property=\"og:image:height\" content=\"800\" \/>\n\t<meta property=\"og:image:type\" content=\"image\/png\" \/>\n<meta name=\"twitter:card\" content=\"summary_large_image\" \/>\n<meta name=\"twitter:label1\" content=\"Tiempo de lectura\" \/>\n\t<meta name=\"twitter:data1\" content=\"1 minuto\" \/>\n<script type=\"application\/ld+json\" class=\"yoast-schema-graph\">{\"@context\":\"https:\\\/\\\/schema.org\",\"@graph\":[{\"@type\":\"WebPage\",\"@id\":\"https:\\\/\\\/bluewavefish.com\\\/product\\\/trash-head-goliath-grouper\\\/\",\"url\":\"https:\\\/\\\/bluewavefish.com\\\/product\\\/trash-head-goliath-grouper\\\/\",\"name\":\"Trash Head Goliath Grouper - bluewavefish.com\",\"isPartOf\":{\"@id\":\"https:\\\/\\\/bluewavefish.com\\\/#website\"},\"primaryImageOfPage\":{\"@id\":\"https:\\\/\\\/bluewavefish.com\\\/product\\\/trash-head-goliath-grouper\\\/#primaryimage\"},\"image\":{\"@id\":\"https:\\\/\\\/bluewavefish.com\\\/product\\\/trash-head-goliath-grouper\\\/#primaryimage\"},\"thumbnailUrl\":\"https:\\\/\\\/bluewavefish.com\\\/wp-content\\\/uploads\\\/2021\\\/08\\\/Diseno-sin-titulo-30.png\",\"datePublished\":\"2021-08-27T12:19:36+00:00\",\"dateModified\":\"2025-12-17T17:22:21+00:00\",\"description\":\"Trash Head Goliath Grouper, Imposing and practical, this grouper head trash can combines a distinctive design with functionality.\",\"breadcrumb\":{\"@id\":\"https:\\\/\\\/bluewavefish.com\\\/product\\\/trash-head-goliath-grouper\\\/#breadcrumb\"},\"inLanguage\":\"es-CO\",\"potentialAction\":[{\"@type\":\"ReadAction\",\"target\":[\"https:\\\/\\\/bluewavefish.com\\\/product\\\/trash-head-goliath-grouper\\\/\"]}]},{\"@type\":\"ImageObject\",\"inLanguage\":\"es-CO\",\"@id\":\"https:\\\/\\\/bluewavefish.com\\\/product\\\/trash-head-goliath-grouper\\\/#primaryimage\",\"url\":\"https:\\\/\\\/bluewavefish.com\\\/wp-content\\\/uploads\\\/2021\\\/08\\\/Diseno-sin-titulo-30.png\",\"contentUrl\":\"https:\\\/\\\/bluewavefish.com\\\/wp-content\\\/uploads\\\/2021\\\/08\\\/Diseno-sin-titulo-30.png\",\"width\":700,\"height\":800},{\"@type\":\"BreadcrumbList\",\"@id\":\"https:\\\/\\\/bluewavefish.com\\\/product\\\/trash-head-goliath-grouper\\\/#breadcrumb\",\"itemListElement\":[{\"@type\":\"ListItem\",\"position\":1,\"name\":\"Portada\",\"item\":\"https:\\\/\\\/bluewavefish.com\\\/\"},{\"@type\":\"ListItem\",\"position\":2,\"name\":\"Shop\",\"item\":\"https:\\\/\\\/bluewavefish.com\\\/shop\\\/\"},{\"@type\":\"ListItem\",\"position\":3,\"name\":\"Trash Head Goliath Grouper\"}]},{\"@type\":\"WebSite\",\"@id\":\"https:\\\/\\\/bluewavefish.com\\\/#website\",\"url\":\"https:\\\/\\\/bluewavefish.com\\\/\",\"name\":\"bluewavefish.com\",\"description\":\"Unique decorative fish and trophies for hanging and display\",\"potentialAction\":[{\"@type\":\"SearchAction\",\"target\":{\"@type\":\"EntryPoint\",\"urlTemplate\":\"https:\\\/\\\/bluewavefish.com\\\/?s={search_term_string}\"},\"query-input\":{\"@type\":\"PropertyValueSpecification\",\"valueRequired\":true,\"valueName\":\"search_term_string\"}}],\"inLanguage\":\"es-CO\"}]}<\/script>\n<!-- \/ Yoast SEO plugin. -->","yoast_head_json":{"title":"Trash Head Goliath Grouper - bluewavefish.com","description":"Trash Head Goliath Grouper, Imposing and practical, this grouper head trash can combines a distinctive design with functionality.","robots":{"index":"index","follow":"follow","max-snippet":"max-snippet:-1","max-image-preview":"max-image-preview:large","max-video-preview":"max-video-preview:-1"},"canonical":"https:\/\/bluewavefish.com\/es\/producto\/trash-head-goliath-grouper\/","og_locale":"es_ES","og_type":"article","og_title":"Trash Head Goliath Grouper - bluewavefish.com","og_description":"Trash Head Goliath Grouper, Imposing and practical, this grouper head trash can combines a distinctive design with functionality.","og_url":"https:\/\/bluewavefish.com\/es\/producto\/trash-head-goliath-grouper\/","og_site_name":"bluewavefish.com","article_modified_time":"2025-12-17T17:22:21+00:00","og_image":[{"width":700,"height":800,"url":"https:\/\/bluewavefish.com\/wp-content\/uploads\/2021\/08\/Diseno-sin-titulo-30.png","type":"image\/png"}],"twitter_card":"summary_large_image","twitter_misc":{"Tiempo de lectura":"1 minuto"},"schema":{"@context":"https:\/\/schema.org","@graph":[{"@type":"WebPage","@id":"https:\/\/bluewavefish.com\/product\/trash-head-goliath-grouper\/","url":"https:\/\/bluewavefish.com\/product\/trash-head-goliath-grouper\/","name":"Trash Head Goliath Grouper - bluewavefish.com","isPartOf":{"@id":"https:\/\/bluewavefish.com\/#website"},"primaryImageOfPage":{"@id":"https:\/\/bluewavefish.com\/product\/trash-head-goliath-grouper\/#primaryimage"},"image":{"@id":"https:\/\/bluewavefish.com\/product\/trash-head-goliath-grouper\/#primaryimage"},"thumbnailUrl":"https:\/\/bluewavefish.com\/wp-content\/uploads\/2021\/08\/Diseno-sin-titulo-30.png","datePublished":"2021-08-27T12:19:36+00:00","dateModified":"2025-12-17T17:22:21+00:00","description":"Trash Head Goliath Grouper, Imposing and practical, this grouper head trash can combines a distinctive design with functionality.","breadcrumb":{"@id":"https:\/\/bluewavefish.com\/product\/trash-head-goliath-grouper\/#breadcrumb"},"inLanguage":"es-CO","potentialAction":[{"@type":"ReadAction","target":["https:\/\/bluewavefish.com\/product\/trash-head-goliath-grouper\/"]}]},{"@type":"ImageObject","inLanguage":"es-CO","@id":"https:\/\/bluewavefish.com\/product\/trash-head-goliath-grouper\/#primaryimage","url":"https:\/\/bluewavefish.com\/wp-content\/uploads\/2021\/08\/Diseno-sin-titulo-30.png","contentUrl":"https:\/\/bluewavefish.com\/wp-content\/uploads\/2021\/08\/Diseno-sin-titulo-30.png","width":700,"height":800},{"@type":"BreadcrumbList","@id":"https:\/\/bluewavefish.com\/product\/trash-head-goliath-grouper\/#breadcrumb","itemListElement":[{"@type":"ListItem","position":1,"name":"Portada","item":"https:\/\/bluewavefish.com\/"},{"@type":"ListItem","position":2,"name":"Shop","item":"https:\/\/bluewavefish.com\/shop\/"},{"@type":"ListItem","position":3,"name":"Trash Head Goliath Grouper"}]},{"@type":"WebSite","@id":"https:\/\/bluewavefish.com\/#website","url":"https:\/\/bluewavefish.com\/","name":"bluewavefish.com","description":"Unique decorative fish and trophies for hanging and display","potentialAction":[{"@type":"SearchAction","target":{"@type":"EntryPoint","urlTemplate":"https:\/\/bluewavefish.com\/?s={search_term_string}"},"query-input":{"@type":"PropertyValueSpecification","valueRequired":true,"valueName":"search_term_string"}}],"inLanguage":"es-CO"}]}},"_links":{"self":[{"href":"https:\/\/bluewavefish.com\/es\/wp-json\/wp\/v2\/product\/411","targetHints":{"allow":["GET"]}}],"collection":[{"href":"https:\/\/bluewavefish.com\/es\/wp-json\/wp\/v2\/product"}],"about":[{"href":"https:\/\/bluewavefish.com\/es\/wp-json\/wp\/v2\/types\/product"}],"replies":[{"embeddable":true,"href":"https:\/\/bluewavefish.com\/es\/wp-json\/wp\/v2\/comments?post=411"}],"version-history":[{"count":7,"href":"https:\/\/bluewavefish.com\/es\/wp-json\/wp\/v2\/product\/411\/revisions"}],"predecessor-version":[{"id":28666,"href":"https:\/\/bluewavefish.com\/es\/wp-json\/wp\/v2\/product\/411\/revisions\/28666"}],"wp:featuredmedia":[{"embeddable":true,"href":"https:\/\/bluewavefish.com\/es\/wp-json\/wp\/v2\/media\/27947"}],"wp:attachment":[{"href":"https:\/\/bluewavefish.com\/es\/wp-json\/wp\/v2\/media?parent=411"}],"wp:term":[{"taxonomy":"product_brand","embeddable":true,"href":"https:\/\/bluewavefish.com\/es\/wp-json\/wp\/v2\/product_brand?post=411"},{"taxonomy":"product_cat","embeddable":true,"href":"https:\/\/bluewavefish.com\/es\/wp-json\/wp\/v2\/product_cat?post=411"},{"taxonomy":"product_tag","embeddable":true,"href":"https:\/\/bluewavefish.com\/es\/wp-json\/wp\/v2\/product_tag?post=411"}],"curies":[{"name":"wp","href":"https:\/\/api.w.org\/{rel}","templated":true}]}}